{"id":10,"date":"2017-01-15T20:09:11","date_gmt":"2017-01-15T20:09:11","guid":{"rendered":"http:\/\/ig-1848-1849.derdickepreusse.de\/?page_id=10"},"modified":"2024-02-02T20:05:40","modified_gmt":"2024-02-02T20:05:40","slug":"ueber-uns","status":"publish","type":"page","link":"https:\/\/www.revolution1848-1849.eu\/?page_id=10","title":{"rendered":"\u00dcber Uns"},"content":{"rendered":"\n<p>Die Interessengemeinschaft Lebendige Geschichte 1848\/1849&#8230;<\/p>\n\n\n\n<p>&#8230;versteht sich als lose Gruppe einzelner Darsteller, die sich w\u00e4hrend der Veranstaltungen in zwei bis drei Bereiche aufgliedern und zwar in preu\u00dfische Soldaten, Revolution\u00e4re und Zivilisten.<br>Einige von uns haben schon in anderen Epochen und Gruppen Erfahrungen gesammelt.<\/p>\n\n\n<div class=\"wp-block-image\">\n<figure class=\"alignleft size-large is-resized\"><img loading=\"lazy\" decoding=\"async\" width=\"683\" height=\"1024\" src=\"https:\/\/www.revolution1848-1849.eu\/wp-content\/uploads\/2021\/12\/FB_IMG_1635580254794-683x1024.jpg\" alt=\"\" class=\"wp-image-1068\" style=\"width:119px;height:auto\" srcset=\"https:\/\/www.revolution1848-1849.eu\/wp-content\/uploads\/2021\/12\/FB_IMG_1635580254794-683x1024.jpg 683w, https:\/\/www.revolution1848-1849.eu\/wp-content\/uploads\/2021\/12\/FB_IMG_1635580254794-200x300.jpg 200w, https:\/\/www.revolution1848-1849.eu\/wp-content\/uploads\/2021\/12\/FB_IMG_1635580254794-512x768.jpg 512w, https:\/\/www.revolution1848-1849.eu\/wp-content\/uploads\/2021\/12\/FB_IMG_1635580254794.jpg 720w\" sizes=\"auto, (max-width: 683px) 100vw, 683px\" \/><\/figure>\n<\/div>\n\n\n<p>Ob nach festem Drehbuch&nbsp;des Veranstalters oder im &#8222;freien Spiel&#8220;, beleben wir dann D\u00f6rfer, Landschaften und H\u00f6fe. Die Szenarien reichen dabei von kleinen Gefechts-Darstellungen bis hin zu belebten H\u00f6fen oder D\u00f6rfern, welche in die Wirren der Revolution geraten.<\/p>\n\n\n\n<p>Unsere Anspr\u00fcche an uns selbst:<\/p>\n\n\n\n<p>Wir haben das Ziel, die Situationen und Menschen von damals so genau wie m\u00f6glich darzustellen und nachzuerleben. Das bedeutet eine sehr umfangreiche Recherche im Vorfeld und eine detailgetreue Nachfertigung von Gegenst\u00e4nden, Kleidungsst\u00fccken und so weiter. Unsere Quellen sind dabei aber nicht nur schriftliche \u00dcber-lieferungen, Vorschriften, Zeitungen und Regimentsgeschichten, sondern auch Originale in Museen und Archiven.<\/p>\n\n\n<div class=\"wp-block-image\">\n<figure class=\"alignright size-large is-resized\"><img loading=\"lazy\" decoding=\"async\" width=\"1024\" height=\"768\" src=\"https:\/\/www.revolution1848-1849.eu\/wp-content\/uploads\/2019\/08\/IMG_3946-1024x768.jpg\" alt=\"\" class=\"wp-image-871\" style=\"width:176px;height:auto\" srcset=\"https:\/\/www.revolution1848-1849.eu\/wp-content\/uploads\/2019\/08\/IMG_3946-1024x768.jpg 1024w, https:\/\/www.revolution1848-1849.eu\/wp-content\/uploads\/2019\/08\/IMG_3946-300x225.jpg 300w, https:\/\/www.revolution1848-1849.eu\/wp-content\/uploads\/2019\/08\/IMG_3946-768x576.jpg 768w\" sizes=\"auto, (max-width: 1024px) 100vw, 1024px\" \/><figcaption class=\"wp-element-caption\">Die Ausr\u00fcstung wird einger\u00e4umt<\/figcaption><\/figure>\n<\/div>\n\n\n<p>Soweit wie es hygienisch und gesundheitlich vertretbar ist, versuchen wir in die Vergangenheit einzutauchen.&nbsp;Wir m\u00f6chten ein m\u00f6glichst originalgetreues Bild der Menschen aus der Mitte des neunzehnten Jahrhunderts abgeben und verzichten daher auf alle modernen Gegenst\u00e4nde, Lebensmittel und Materialien. Mobiltelefone, Zigaretten, moderne Brillen und Schuhe sind f\u00fcr uns w\u00e4hrend der Veranstaltungen absolut verp\u00f6nt.<\/p>\n\n\n<div class=\"wp-block-image\">\n<figure class=\"alignleft size-large is-resized\"><img loading=\"lazy\" decoding=\"async\" width=\"683\" height=\"1024\" src=\"https:\/\/www.revolution1848-1849.eu\/wp-content\/uploads\/2021\/12\/FB_IMG_1635580351524-683x1024.jpg\" alt=\"\" class=\"wp-image-1071\" style=\"width:162px;height:auto\" srcset=\"https:\/\/www.revolution1848-1849.eu\/wp-content\/uploads\/2021\/12\/FB_IMG_1635580351524-683x1024.jpg 683w, https:\/\/www.revolution1848-1849.eu\/wp-content\/uploads\/2021\/12\/FB_IMG_1635580351524-200x300.jpg 200w, https:\/\/www.revolution1848-1849.eu\/wp-content\/uploads\/2021\/12\/FB_IMG_1635580351524-512x768.jpg 512w, https:\/\/www.revolution1848-1849.eu\/wp-content\/uploads\/2021\/12\/FB_IMG_1635580351524.jpg 720w\" sizes=\"auto, (max-width: 683px) 100vw, 683px\" \/><\/figure>\n<\/div>\n\n\n<p>F\u00fcr unsere Reproduktionen von Kleidung und Ausr\u00fcstung verwenden wir nur Stoffe und Materialien, wie sie auch damals benutzt wurden, soweit man sie heutzutage noch bekommen kann. Sollte dies nicht der Fall sein, versuchen wir ein Material zu finden, welches m\u00f6glichst nah an das Original heranreicht.<\/p>\n\n\n\n<p>Wir halten uns an historische Fakten und haben weder Platz f\u00fcr Militaristen, Waffenfanatiker, noch f\u00fcr politische Radikale, egal welcher Art und Richtung.<\/p>\n\n\n\n<p>Haben Sie Interesse? M\u00f6chten Sie eintauchen in die Zeit um 1848\/49? M\u00f6chten Sie am eigenen Leib erfahren, wie es war, in einem Dorf zu leben, das von den Preu\u00dfen besetzt und in dessen H\u00e4usern, in dessen Familien, die verhassten \u201ePickelhauben\u201c einquartiert waren?<\/p>\n\n\n<div class=\"wp-block-image\">\n<figure class=\"alignright is-resized\"><img loading=\"lazy\" decoding=\"async\" width=\"576\" height=\"1024\" src=\"https:\/\/www.revolution1848-1849.eu\/wp-content\/uploads\/2017\/01\/DSC_1071-e1486216020578-576x1024.jpg\" alt=\"\" class=\"wp-image-252\" style=\"width:177px;height:auto\" srcset=\"https:\/\/www.revolution1848-1849.eu\/wp-content\/uploads\/2017\/01\/DSC_1071-e1486216020578-576x1024.jpg 576w, https:\/\/www.revolution1848-1849.eu\/wp-content\/uploads\/2017\/01\/DSC_1071-e1486216020578-169x300.jpg 169w, https:\/\/www.revolution1848-1849.eu\/wp-content\/uploads\/2017\/01\/DSC_1071-e1486216020578-768x1365.jpg 768w, https:\/\/www.revolution1848-1849.eu\/wp-content\/uploads\/2017\/01\/DSC_1071-e1486216020578-432x768.jpg 432w, https:\/\/www.revolution1848-1849.eu\/wp-content\/uploads\/2017\/01\/DSC_1071-e1486216020578-600x1067.jpg 600w\" sizes=\"auto, (max-width: 576px) 100vw, 576px\" \/><\/figure>\n<\/div>\n\n\n<p>M\u00f6chten Sie auch mal die Erfahrung machen, wie man mit schwerer Ausr\u00fcstung, Muskete und Helm kilometerweit marschieren kann und welche Strapazen es sind? Oder m\u00f6chten Sie vielleicht f\u00fcr die Freiheit und Demokratie fechten?<\/p>\n\n\n\n<p>Kein Problem!<\/p>\n\n\n\n<p>Melden Sie sich einfach bei uns und nutzen Sie das&nbsp;<a href=\"https:\/\/www.revolution1848-1849.eu\/kontakt\/\">Kontaktformular<\/a>. F\u00fcr interessierte Neueinsteiger haben wir (fast) immer Reservekleidung und -Ausr\u00fcstung parat, die wir f\u00fcr das Hineinschnuppern gern ausleihen.<\/p>\n","protected":false},"excerpt":{"rendered":"<p>Die Interessengemeinschaft Lebendige Geschichte 1848\/1849&#8230; &#8230;versteht sich als lose Gruppe einzelner Darsteller, die sich w\u00e4hrend der Veranstaltungen in zwei bis drei Bereiche aufgliedern und zwar in preu\u00dfische Soldaten, Revolution\u00e4re und Zivilisten.Einige von uns haben schon in anderen Epochen und Gruppen Erfahrungen gesammelt. Ob nach festem Drehbuch&nbsp;des Veranstalters oder im &#8222;freien Spiel&#8220;, beleben wir dann D\u00f6rfer, <a class=\"more-link\" href=\"https:\/\/www.revolution1848-1849.eu\/?page_id=10\">weiterlesen&#8230;<\/a><\/p>\n","protected":false},"author":1,"featured_media":327,"parent":0,"menu_order":1,"comment_status":"closed","ping_status":"closed","template":"","meta":{"footnotes":""},"class_list":["post-10","page","type-page","status-publish","has-post-thumbnail","hentry"],"_links":{"self":[{"href":"https:\/\/www.revolution1848-1849.eu\/index.php?rest_route=\/wp\/v2\/pages\/10","targetHints":{"allow":["GET"]}}],"collection":[{"href":"https:\/\/www.revolution1848-1849.eu\/index.php?rest_route=\/wp\/v2\/pages"}],"about":[{"href":"https:\/\/www.revolution1848-1849.eu\/index.php?rest_route=\/wp\/v2\/types\/page"}],"author":[{"embeddable":true,"href":"https:\/\/www.revolution1848-1849.eu\/index.php?rest_route=\/wp\/v2\/users\/1"}],"replies":[{"embeddable":true,"href":"https:\/\/www.revolution1848-1849.eu\/index.php?rest_route=%2Fwp%2Fv2%2Fcomments&post=10"}],"version-history":[{"count":8,"href":"https:\/\/www.revolution1848-1849.eu\/index.php?rest_route=\/wp\/v2\/pages\/10\/revisions"}],"predecessor-version":[{"id":1139,"href":"https:\/\/www.revolution1848-1849.eu\/index.php?rest_route=\/wp\/v2\/pages\/10\/revisions\/1139"}],"wp:featuredmedia":[{"embeddable":true,"href":"https:\/\/www.revolution1848-1849.eu\/index.php?rest_route=\/wp\/v2\/media\/327"}],"wp:attachment":[{"href":"https:\/\/www.revolution1848-1849.eu\/index.php?rest_route=%2Fwp%2Fv2%2Fmedia&parent=10"}],"curies":[{"name":"wp","href":"https:\/\/api.w.org\/{rel}","templated":true}]}}