{"id":51,"date":"2017-01-28T09:30:57","date_gmt":"2017-01-28T09:30:57","guid":{"rendered":"http:\/\/ig-1848-1849.derdickepreusse.de\/?page_id=51"},"modified":"2024-02-02T19:28:57","modified_gmt":"2024-02-02T19:28:57","slug":"linksverzeichnis","status":"publish","type":"page","link":"https:\/\/www.revolution1848-1849.eu\/?page_id=51","title":{"rendered":"Links"},"content":{"rendered":"<p><a class=\" link\" href=\"http:\/\/1848.forumieren.com\/\" target=\"_blank\" rel=\"noopener\">1848er Forum<\/a><\/p>\n<p>Unser geschlossenes Forum f\u00fcr Mitglieder<\/p>\n<p><a class=\" link\" title=\"Jan Bergers Shop \" href=\"http:\/\/www.lederarsenal.com\/\" target=\"_blank\" rel=\"noopener\">Lederarsenal<\/a><\/p>\n<p>Die Seite von Jan-Henrik Berger. Er stellt sehr gutes, authentisches Schuhwerk her und liefert auch Ausr\u00fcstungsgegenst\u00e4nde von Patronentaschen bis hin zur Zahnb\u00fcrste.<\/p>\n<p><a class=\" link\" title=\"The Civilian\" href=\"http:\/\/www.the-civilian.de\/\" target=\"_blank\" rel=\"noopener\">The Civilian<\/a><\/p>\n<p>Eine Darstellungsgruppe f\u00fcr Zivilisten in Europa und Amerika Mitte des 19ten Jahrhunderts die ihr Augenmerk auch auf die besondere Authentizit\u00e4t der Darstellung legt.<\/p>\n<p><a class=\" link\" title=\"Miroslav Umlauf\" href=\"http:\/\/www.umlaufshoes.com\/kontakt.html\" target=\"_blank\" rel=\"noopener\">Miroslav Umlauf<\/a><\/p>\n<p>Ein Hersteller von gutem, authentischem Schuhwerk mehrer Epochen.<\/p>\n<p><a class=\" link\" title=\"Naturtuche\" href=\"https:\/\/www.naturtuche.de\/\" target=\"_blank\" rel=\"noopener\">Naturtuche<\/a><\/p>\n<p>H\u00e4ndler f\u00fcr sehr gute Stoffe und Materialien.<\/p>\n<p><a class=\" link\" title=\"Buchbinderei Hirsch\" href=\"http:\/\/www.buchbinderei-hirsch.de\/\" target=\"_blank\" rel=\"noopener\">Buchbinderei Hirsch<\/a><\/p>\n<p>Ein kleiner Solinger Handwerksbetrieb mit dem richtigen Engagement und Verst\u00e4ndnis f\u00fcr authentische Buchherstellung. Die Abrechnungsb\u00fccher f\u00fcr unsere Preu\u00dfen sind z.B. hier hergestellt worden.<\/p>\n","protected":false},"excerpt":{"rendered":"<p>1848er Forum Unser geschlossenes Forum f\u00fcr Mitglieder Lederarsenal Die Seite von Jan-Henrik Berger. Er stellt sehr gutes, authentisches Schuhwerk her und liefert auch Ausr\u00fcstungsgegenst\u00e4nde von Patronentaschen bis hin zur Zahnb\u00fcrste. The Civilian Eine Darstellungsgruppe f\u00fcr Zivilisten in Europa und Amerika Mitte des 19ten Jahrhunderts die ihr Augenmerk auch auf die besondere Authentizit\u00e4t der Darstellung legt. <a class=\"more-link\" href=\"https:\/\/www.revolution1848-1849.eu\/?page_id=51\">weiterlesen&#8230;<\/a><\/p>\n","protected":false},"author":1,"featured_media":0,"parent":0,"menu_order":5,"comment_status":"closed","ping_status":"closed","template":"","meta":{"footnotes":""},"class_list":["post-51","page","type-page","status-publish","hentry"],"_links":{"self":[{"href":"https:\/\/www.revolution1848-1849.eu\/index.php?rest_route=\/wp\/v2\/pages\/51","targetHints":{"allow":["GET"]}}],"collection":[{"href":"https:\/\/www.revolution1848-1849.eu\/index.php?rest_route=\/wp\/v2\/pages"}],"about":[{"href":"https:\/\/www.revolution1848-1849.eu\/index.php?rest_route=\/wp\/v2\/types\/page"}],"author":[{"embeddable":true,"href":"https:\/\/www.revolution1848-1849.eu\/index.php?rest_route=\/wp\/v2\/users\/1"}],"replies":[{"embeddable":true,"href":"https:\/\/www.revolution1848-1849.eu\/index.php?rest_route=%2Fwp%2Fv2%2Fcomments&post=51"}],"version-history":[{"count":3,"href":"https:\/\/www.revolution1848-1849.eu\/index.php?rest_route=\/wp\/v2\/pages\/51\/revisions"}],"predecessor-version":[{"id":1124,"href":"https:\/\/www.revolution1848-1849.eu\/index.php?rest_route=\/wp\/v2\/pages\/51\/revisions\/1124"}],"wp:attachment":[{"href":"https:\/\/www.revolution1848-1849.eu\/index.php?rest_route=%2Fwp%2Fv2%2Fmedia&parent=51"}],"curies":[{"name":"wp","href":"https:\/\/api.w.org\/{rel}","templated":true}]}}